{"id":1327,"date":"2024-05-27T06:46:21","date_gmt":"2024-05-27T10:46:21","guid":{"rendered":"https:\/\/newmarketgroup.com\/?page_id=1327"},"modified":"2024-09-06T15:43:53","modified_gmt":"2024-09-06T19:43:53","slug":"la-vie-a-nmg","status":"publish","type":"page","link":"https:\/\/newmarketgroup.com\/fr\/la-vie-a-nmg\/","title":{"rendered":"La vie \u00e0 NMG"},"content":{"rendered":"<section id=\"block-820548197341a2e1\" class=\"block block-hero-2 lazyload\" data-bg=\"https:\/\/newmarketgroup.com\/wp-content\/uploads\/2024\/05\/6fa5c8b2cef3e38e228f4e21df2c11c9-scaled.jpeg\">\n    <div class=\"container block-hero-2--container theme-light\">\n        <div class=\"block-hero-2--body\">\n            <h1 class=\"block-hero-2--heading\">La vie \u00e0 NMG<\/h1>\n        <\/div>\n    <\/div>\n\n    <style>\n        #block-820548197341a2e1 {\n                                }\n    <\/style>\n<\/section>\n\n\n<section id=\"block-faa2699f5d17dc15\" class=\"block block-flip-grid-1 block-flip-grid-1--image-right block-flip-grid-1--bg-colour2\">\n    <div class=\"block-flip-grid-1--grid\">\n                    <div class=\"block-flip-grid-1--column block-flip-grid-1--image align-items-center\" data-aos=\"fade-in\" data-aos-delay=\"0\">\n                <noscript><img decoding=\"async\" width=\"1728\" height=\"744\" src=\"https:\/\/newmarketgroup.com\/wp-content\/uploads\/2024\/06\/Frame-108.jpg\" class alt srcset=\"https:\/\/newmarketgroup.com\/wp-content\/uploads\/2024\/06\/Frame-108.jpg 1728w, https:\/\/newmarketgroup.com\/wp-content\/uploads\/2024\/06\/Frame-108-300x129.jpg 300w, https:\/\/newmarketgroup.com\/wp-content\/uploads\/2024\/06\/Frame-108-1024x441.jpg 1024w, https:\/\/newmarketgroup.com\/wp-content\/uploads\/2024\/06\/Frame-108-768x331.jpg 768w, https:\/\/newmarketgroup.com\/wp-content\/uploads\/2024\/06\/Frame-108-1536x661.jpg 1536w\" sizes=\"(max-width: 1728px) 100vw, 1728px\"><\/noscript><img decoding=\"async\" width=\"1728\" height=\"744\" src=\"data:image\/svg+xml,%3Csvg%20xmlns%3D%22http%3A%2F%2Fwww.w3.org%2F2000%2Fsvg%22%20viewBox%3D%220%200%201728%20744%22%3E%3C%2Fsvg%3E\" class=\" lazyload\" alt srcset=\"data:image\/svg+xml,%3Csvg%20xmlns%3D%22http%3A%2F%2Fwww.w3.org%2F2000%2Fsvg%22%20viewBox%3D%220%200%201728%20744%22%3E%3C%2Fsvg%3E 1728w\" sizes=\"(max-width: 1728px) 100vw, 1728px\" data-srcset=\"https:\/\/newmarketgroup.com\/wp-content\/uploads\/2024\/06\/Frame-108.jpg 1728w, https:\/\/newmarketgroup.com\/wp-content\/uploads\/2024\/06\/Frame-108-300x129.jpg 300w, https:\/\/newmarketgroup.com\/wp-content\/uploads\/2024\/06\/Frame-108-1024x441.jpg 1024w, https:\/\/newmarketgroup.com\/wp-content\/uploads\/2024\/06\/Frame-108-768x331.jpg 768w, https:\/\/newmarketgroup.com\/wp-content\/uploads\/2024\/06\/Frame-108-1536x661.jpg 1536w\" data-src=\"https:\/\/newmarketgroup.com\/wp-content\/uploads\/2024\/06\/Frame-108.jpg\">            <\/div>\n        \n                    <div class=\"block-flip-grid-1--column block-flip-grid-1--content align-items-center\" data-aos=\"fade-down\" data-aos-delay=\"300\">\n                <div class=\"container\">\n                    <div class=\"block-content--inner\">\n                        <div class=\"block-content\">\n                            <div class=\"entry-content\">\n                                <h2>La vie \u00e0 NMG<\/h2>\n<p>\u00c0 NMG, nous sommes fiers d&rsquo;offrir un environnement de travail positif o\u00f9 r\u00e8gnent la confiance, la coop\u00e9ration, la responsabilit\u00e9 et l&rsquo;\u00e9galit\u00e9.<\/p>\n                            <\/div>\n\n                                                    <\/div>\n                    <\/div>\n                <\/div>\n            <\/div>\n            <\/div>\n\n    <style>\n        #block-faa2699f5d17dc15 {\n                                }\n    <\/style>\n<\/section>\n\n\n<section id=\"block-769fd8c194924be1\" class=\"block block-flip-grid-1 block-flip-grid-1--image-left block-flip-grid-1--bg-colour1\">\n    <div class=\"block-flip-grid-1--grid\">\n                    <div class=\"block-flip-grid-1--column block-flip-grid-1--image align-items-center\" data-aos=\"fade-in\" data-aos-delay=\"0\">\n                <noscript><img decoding=\"async\" width=\"1728\" height=\"1000\" src=\"https:\/\/newmarketgroup.com\/wp-content\/uploads\/2024\/06\/Frame-174.jpg\" class alt srcset=\"https:\/\/newmarketgroup.com\/wp-content\/uploads\/2024\/06\/Frame-174.jpg 1728w, https:\/\/newmarketgroup.com\/wp-content\/uploads\/2024\/06\/Frame-174-300x174.jpg 300w, https:\/\/newmarketgroup.com\/wp-content\/uploads\/2024\/06\/Frame-174-1024x593.jpg 1024w, https:\/\/newmarketgroup.com\/wp-content\/uploads\/2024\/06\/Frame-174-768x444.jpg 768w, https:\/\/newmarketgroup.com\/wp-content\/uploads\/2024\/06\/Frame-174-1536x889.jpg 1536w\" sizes=\"(max-width: 1728px) 100vw, 1728px\"><\/noscript><img decoding=\"async\" width=\"1728\" height=\"1000\" src=\"data:image\/svg+xml,%3Csvg%20xmlns%3D%22http%3A%2F%2Fwww.w3.org%2F2000%2Fsvg%22%20viewBox%3D%220%200%201728%201000%22%3E%3C%2Fsvg%3E\" class=\" lazyload\" alt srcset=\"data:image\/svg+xml,%3Csvg%20xmlns%3D%22http%3A%2F%2Fwww.w3.org%2F2000%2Fsvg%22%20viewBox%3D%220%200%201728%201000%22%3E%3C%2Fsvg%3E 1728w\" sizes=\"(max-width: 1728px) 100vw, 1728px\" data-srcset=\"https:\/\/newmarketgroup.com\/wp-content\/uploads\/2024\/06\/Frame-174.jpg 1728w, https:\/\/newmarketgroup.com\/wp-content\/uploads\/2024\/06\/Frame-174-300x174.jpg 300w, https:\/\/newmarketgroup.com\/wp-content\/uploads\/2024\/06\/Frame-174-1024x593.jpg 1024w, https:\/\/newmarketgroup.com\/wp-content\/uploads\/2024\/06\/Frame-174-768x444.jpg 768w, https:\/\/newmarketgroup.com\/wp-content\/uploads\/2024\/06\/Frame-174-1536x889.jpg 1536w\" data-src=\"https:\/\/newmarketgroup.com\/wp-content\/uploads\/2024\/06\/Frame-174.jpg\">            <\/div>\n        \n                    <div class=\"block-flip-grid-1--column block-flip-grid-1--content align-items-center\" data-aos=\"fade-down\" data-aos-delay=\"300\">\n                <div class=\"container\">\n                    <div class=\"block-content--inner\">\n                        <div class=\"block-content\">\n                            <div class=\"entry-content\">\n                                <h2>D\u00e9veloppez votre carri\u00e8re avec nous<\/h2>\n<p>Notre m\u00e9tier est d&rsquo;aider les gens \u00e0 r\u00e9ussir. C&rsquo;est pourquoi, chez NMG, nous croyons qu&rsquo;il est important de favoriser la croissance au sein de notre \u00e9quipe et d&rsquo;offrir \u00e0 chacun la possibilit\u00e9 de r\u00e9aliser son plein potentiel. Non seulement vous travaillerez avec un groupe de personnes formidables, mais vous aurez \u00e9galement acc\u00e8s \u00e0 de nombreux parcours de carri\u00e8re passionnants au sein de notre entreprise. Nous offrons une r\u00e9mun\u00e9ration comp\u00e9titive et des avantages sociaux de premier ordre.<\/p>\n                            <\/div>\n\n                                                    <\/div>\n                    <\/div>\n                <\/div>\n            <\/div>\n            <\/div>\n\n    <style>\n        #block-769fd8c194924be1 {\n                                }\n    <\/style>\n<\/section>\n\n\n<section id=\"block-36a0ba273d82d8e1\" class=\"block block-testimonials-banner block-testimonials-banner theme-gray\">\n    <div class=\"container\">\n                \n        <div class=\"keen-slider block-testimonials-banner--slider\" data-aos=\"fade-in\" data-aos-delay=\"300\">\n                            <blockquoute class=\"keen-slider__slide testimonial--slide\">\n                    <div class=\"testimonial--slide-content\">\n                        <p>\u00ab Travailler \u00e0 NMG, c&rsquo;est comme faire partie d&rsquo;une famille tr\u00e8s unie &#8211; une famille qui a toujours votre int\u00e9r\u00eat \u00e0 c\u0153ur et qui veille sur vous. Tous vos efforts sont reconnus et c\u00e9l\u00e9br\u00e9s. On m&rsquo;a offert de nombreuses opportunit\u00e9s qui m&rsquo;ont aid\u00e9 \u00e0 devenir une meilleure personne et une meilleure coll\u00e8gue de travail. \u00bb<\/p>\n                    <\/div>\n\n                    <div class=\"testimonial--slide-meta\">\n                        \n                        <div class=\"testimonial--slide-author\">\n                                                            <div class=\"testimonial--slide-author-title\">\n                                    Joanne &#8211; NMG                                <\/div>\n                            \n                                                            <div class=\"testimonial--slide-author-name\">\n                                    COMME UNE FAMILLE                                <\/div>\n                                                    <\/div>\n                    <\/div>\n                <\/blockquoute>\n                            <blockquoute class=\"keen-slider__slide testimonial--slide\">\n                    <div class=\"testimonial--slide-content\">\n                        <p>\u00ab\u00a0Au cours des dix derni\u00e8res ann\u00e9es, j&rsquo;ai appr\u00e9ci\u00e9 de faire partie de l&rsquo;\u00e9quipe NMG. Le travail est stimulant et gratifiant, et j&rsquo;ai eu de nombreuses occasions de me perfectionner et d&rsquo;\u00e9largir mes connaissances. \u00bb<\/p>\n                    <\/div>\n\n                    <div class=\"testimonial--slide-meta\">\n                        \n                        <div class=\"testimonial--slide-author\">\n                                                            <div class=\"testimonial--slide-author-title\">\n                                    Michelle &#8211; Comptabilit\u00e9                                <\/div>\n                            \n                                                            <div class=\"testimonial--slide-author-name\">\n                                    UNE EXCELLENTE OPPORTUNIT\u00c9 D&rsquo;APPRENTISSAGE                                <\/div>\n                                                    <\/div>\n                    <\/div>\n                <\/blockquoute>\n                            <blockquoute class=\"keen-slider__slide testimonial--slide\">\n                    <div class=\"testimonial--slide-content\">\n                        <p>\u00ab\u00a0Je me compte chanceux d\u2019avoir travaill\u00e9 pour NMG d\u00e8s ma sortie de l&rsquo;universit\u00e9, car cela m&rsquo;a permis d&rsquo;acqu\u00e9rir une grande exp\u00e9rience dans ma carri\u00e8re professionnelle. NMG a cr\u00e9\u00e9 une atmosph\u00e8re qui m&rsquo;a permis de d\u00e9velopper mes comp\u00e9tences personnelles et de nouer des relations exceptionnelles au sein de notre secteur, tout en me permettant de maintenir un excellent \u00e9quilibre entre vie professionnelle et vie priv\u00e9e. \u00bb<\/p>\n                    <\/div>\n\n                    <div class=\"testimonial--slide-meta\">\n                        \n                        <div class=\"testimonial--slide-author\">\n                                                            <div class=\"testimonial--slide-author-title\">\n                                    Peter &#8211; Marketing                                <\/div>\n                            \n                                                            <div class=\"testimonial--slide-author-name\">\n                                     UN LIEU DE TRAVAIL ID\u00c9AL POUR SE D\u00c9VELOPPER                                <\/div>\n                                                    <\/div>\n                    <\/div>\n                <\/blockquoute>\n                            <blockquoute class=\"keen-slider__slide testimonial--slide\">\n                    <div class=\"testimonial--slide-content\">\n                        <p>\u00ab\u00a0L\u2019entreprise est un employeur formidable, avec de nombreux employ\u00e9s de longue date. Les avantages sociaux sont exceptionnels. On s\u2019occupe bien des employ\u00e9s. \u00bb<\/p>\n                    <\/div>\n\n                    <div class=\"testimonial--slide-meta\">\n                        \n                        <div class=\"testimonial--slide-author\">\n                                                            <div class=\"testimonial--slide-author-title\">\n                                    Sue &#8211; Administration                                <\/div>\n                            \n                                                            <div class=\"testimonial--slide-author-name\">\n                                    UNE ENTREPRISE FORMIDABLE POUR LAQUELLE TRAVAILLER!                                <\/div>\n                                                    <\/div>\n                    <\/div>\n                <\/blockquoute>\n                            <blockquoute class=\"keen-slider__slide testimonial--slide\">\n                    <div class=\"testimonial--slide-content\">\n                        <p>\u00ab\u00a0C\u2019est notre environnement ax\u00e9 sur le travail d&rsquo;\u00e9quipe qui nous permet d\u2019atteindre nos normes \u00e9lev\u00e9es d&rsquo;excellence. J&rsquo;appr\u00e9cie \u00e9galement de pouvoir travailler de mani\u00e8re autonome et ind\u00e9pendante lorsque cela est n\u00e9cessaire. Il y a des possibilit\u00e9s d&rsquo;\u00e9volution, et le salaire et les avantages sont sup\u00e9rieurs \u00e0 ceux de toute autre organisation de haut niveau dans la ville. \u00bb<\/p>\n                    <\/div>\n\n                    <div class=\"testimonial--slide-meta\">\n                        \n                        <div class=\"testimonial--slide-author\">\n                                                            <div class=\"testimonial--slide-author-title\">\n                                    Jeff &#8211; IS                                <\/div>\n                            \n                                                            <div class=\"testimonial--slide-author-name\">\n                                    LE TRAVAIL EN \u00c9QUIPE ET L&rsquo;AUTONOMIE                                <\/div>\n                                                    <\/div>\n                    <\/div>\n                <\/blockquoute>\n                    <\/div>\n    <\/div>\n\n    <style>\n        #block-36a0ba273d82d8e1 {\n                                }\n    <\/style>\n<\/section>\n\n\n<section id=\"block-b5c45508c48ae69f\" class=\"block block-cta-banner-4\" >\n    <div class=\"container\">\n        <div class=\"block-cta-banner-4--grid\">\n            <div class=\"block-cta-banner-4--content\">\n                                    <h2 class=\"block-cta-banner-4--heading\">\n                        Pr\u00eat \u00e0 devenir un membre important de l&rsquo;\u00e9quipe?                     <\/h2>\n                \n                <div class=\"block-cta-banner-4--buttons\">\n                                            <div class=\"block-button\">\n                            <a href=\"https:\/\/newmarketgroup.com\/fr\/contactez-nous\/\" class=\"btn btn--primary btn--icon-arrow\" target=\"\">D\u00e9veloppez votre carri\u00e8re chez NMG<\/a>\n                        <\/div>\n                    \n                                    <\/div>\n            <\/div>\n        <\/div>\n    <\/div>\n\n    <style>\n        #block-b5c45508c48ae69f {\n                                }\n    <\/style>\n<\/section>\n","protected":false},"excerpt":{"rendered":"","protected":false},"author":3,"featured_media":0,"parent":0,"menu_order":0,"comment_status":"closed","ping_status":"closed","template":"","meta":{"_acf_changed":true,"footnotes":""},"class_list":["post-1327","page","type-page","status-publish","hentry"],"acf":[],"yoast_head":"<!-- This site is optimized with the Yoast SEO plugin v27.3 - https:\/\/yoast.com\/product\/yoast-seo-wordpress\/ -->\n<title>La vie \u00e0 NMG - New Market Group<\/title>\n<meta name=\"robots\" content=\"index, follow, max-snippet:-1, max-image-preview:large, max-video-preview:-1\" \/>\n<link rel=\"canonical\" href=\"https:\/\/newmarketgroup.com\/fr\/la-vie-a-nmg\/\" \/>\n<meta property=\"og:locale\" content=\"fr_FR\" \/>\n<meta property=\"og:type\" content=\"article\" \/>\n<meta property=\"og:title\" content=\"La vie \u00e0 NMG - New Market Group\" \/>\n<meta property=\"og:url\" content=\"https:\/\/newmarketgroup.com\/fr\/la-vie-a-nmg\/\" \/>\n<meta property=\"og:site_name\" content=\"New Market Group\" \/>\n<meta property=\"article:modified_time\" content=\"2024-09-06T19:43:53+00:00\" \/>\n<meta name=\"twitter:card\" content=\"summary_large_image\" \/>\n<script type=\"application\/ld+json\" class=\"yoast-schema-graph\">{\"@context\":\"https:\\\/\\\/schema.org\",\"@graph\":[{\"@type\":\"WebPage\",\"@id\":\"https:\\\/\\\/newmarketgroup.com\\\/fr\\\/la-vie-a-nmg\\\/\",\"url\":\"https:\\\/\\\/newmarketgroup.com\\\/fr\\\/la-vie-a-nmg\\\/\",\"name\":\"La vie \u00e0 NMG - New Market Group\",\"isPartOf\":{\"@id\":\"https:\\\/\\\/newmarketgroup.com\\\/fr\\\/#website\"},\"datePublished\":\"2024-05-27T10:46:21+00:00\",\"dateModified\":\"2024-09-06T19:43:53+00:00\",\"breadcrumb\":{\"@id\":\"https:\\\/\\\/newmarketgroup.com\\\/fr\\\/la-vie-a-nmg\\\/#breadcrumb\"},\"inLanguage\":\"fr-FR\",\"potentialAction\":[{\"@type\":\"ReadAction\",\"target\":[\"https:\\\/\\\/newmarketgroup.com\\\/fr\\\/la-vie-a-nmg\\\/\"]}]},{\"@type\":\"BreadcrumbList\",\"@id\":\"https:\\\/\\\/newmarketgroup.com\\\/fr\\\/la-vie-a-nmg\\\/#breadcrumb\",\"itemListElement\":[{\"@type\":\"ListItem\",\"position\":1,\"name\":\"Home\",\"item\":\"https:\\\/\\\/newmarketgroup.com\\\/fr\\\/\"},{\"@type\":\"ListItem\",\"position\":2,\"name\":\"La vie \u00e0 NMG\"}]},{\"@type\":\"WebSite\",\"@id\":\"https:\\\/\\\/newmarketgroup.com\\\/fr\\\/#website\",\"url\":\"https:\\\/\\\/newmarketgroup.com\\\/fr\\\/\",\"name\":\"New Market Group\",\"description\":\"\",\"potentialAction\":[{\"@type\":\"SearchAction\",\"target\":{\"@type\":\"EntryPoint\",\"urlTemplate\":\"https:\\\/\\\/newmarketgroup.com\\\/fr\\\/?s={search_term_string}\"},\"query-input\":{\"@type\":\"PropertyValueSpecification\",\"valueRequired\":true,\"valueName\":\"search_term_string\"}}],\"inLanguage\":\"fr-FR\"}]}<\/script>\n<!-- \/ Yoast SEO plugin. -->","yoast_head_json":{"title":"La vie \u00e0 NMG - New Market Group","robots":{"index":"index","follow":"follow","max-snippet":"max-snippet:-1","max-image-preview":"max-image-preview:large","max-video-preview":"max-video-preview:-1"},"canonical":"https:\/\/newmarketgroup.com\/fr\/la-vie-a-nmg\/","og_locale":"fr_FR","og_type":"article","og_title":"La vie \u00e0 NMG - New Market Group","og_url":"https:\/\/newmarketgroup.com\/fr\/la-vie-a-nmg\/","og_site_name":"New Market Group","article_modified_time":"2024-09-06T19:43:53+00:00","twitter_card":"summary_large_image","schema":{"@context":"https:\/\/schema.org","@graph":[{"@type":"WebPage","@id":"https:\/\/newmarketgroup.com\/fr\/la-vie-a-nmg\/","url":"https:\/\/newmarketgroup.com\/fr\/la-vie-a-nmg\/","name":"La vie \u00e0 NMG - New Market Group","isPartOf":{"@id":"https:\/\/newmarketgroup.com\/fr\/#website"},"datePublished":"2024-05-27T10:46:21+00:00","dateModified":"2024-09-06T19:43:53+00:00","breadcrumb":{"@id":"https:\/\/newmarketgroup.com\/fr\/la-vie-a-nmg\/#breadcrumb"},"inLanguage":"fr-FR","potentialAction":[{"@type":"ReadAction","target":["https:\/\/newmarketgroup.com\/fr\/la-vie-a-nmg\/"]}]},{"@type":"BreadcrumbList","@id":"https:\/\/newmarketgroup.com\/fr\/la-vie-a-nmg\/#breadcrumb","itemListElement":[{"@type":"ListItem","position":1,"name":"Home","item":"https:\/\/newmarketgroup.com\/fr\/"},{"@type":"ListItem","position":2,"name":"La vie \u00e0 NMG"}]},{"@type":"WebSite","@id":"https:\/\/newmarketgroup.com\/fr\/#website","url":"https:\/\/newmarketgroup.com\/fr\/","name":"New Market Group","description":"","potentialAction":[{"@type":"SearchAction","target":{"@type":"EntryPoint","urlTemplate":"https:\/\/newmarketgroup.com\/fr\/?s={search_term_string}"},"query-input":{"@type":"PropertyValueSpecification","valueRequired":true,"valueName":"search_term_string"}}],"inLanguage":"fr-FR"}]}},"_links":{"self":[{"href":"https:\/\/newmarketgroup.com\/fr\/wp-json\/wp\/v2\/pages\/1327","targetHints":{"allow":["GET"]}}],"collection":[{"href":"https:\/\/newmarketgroup.com\/fr\/wp-json\/wp\/v2\/pages"}],"about":[{"href":"https:\/\/newmarketgroup.com\/fr\/wp-json\/wp\/v2\/types\/page"}],"author":[{"embeddable":true,"href":"https:\/\/newmarketgroup.com\/fr\/wp-json\/wp\/v2\/users\/3"}],"replies":[{"embeddable":true,"href":"https:\/\/newmarketgroup.com\/fr\/wp-json\/wp\/v2\/comments?post=1327"}],"version-history":[{"count":0,"href":"https:\/\/newmarketgroup.com\/fr\/wp-json\/wp\/v2\/pages\/1327\/revisions"}],"wp:attachment":[{"href":"https:\/\/newmarketgroup.com\/fr\/wp-json\/wp\/v2\/media?parent=1327"}],"curies":[{"name":"wp","href":"https:\/\/api.w.org\/{rel}","templated":true}]}}