{"id":1325,"date":"2023-11-28T03:48:40","date_gmt":"2023-11-28T08:48:40","guid":{"rendered":"https:\/\/newmarketgroup.com\/?page_id=1325"},"modified":"2024-10-29T10:37:47","modified_gmt":"2024-10-29T14:37:47","slug":"a-propos-de-nous","status":"publish","type":"page","link":"https:\/\/newmarketgroup.com\/fr\/a-propos-de-nous\/","title":{"rendered":"\u00c0 propos de nous"},"content":{"rendered":"<section id=\"block-820548197341a2e1\" class=\"block block-hero-2 lazyload\" data-bg=\"https:\/\/newmarketgroup.com\/wp-content\/uploads\/2024\/05\/6fa5c8b2cef3e38e228f4e21df2c11c9-scaled.jpeg\">\n    <div class=\"container block-hero-2--container theme-light\">\n        <div class=\"block-hero-2--body\">\n            <h1 class=\"block-hero-2--heading\">\u00c0 propos de nous<\/h1>\n        <\/div>\n    <\/div>\n\n    <style>\n        #block-820548197341a2e1 {\n            padding-top: -1px;                    }\n    <\/style>\n<\/section>\n\n\n<section id=\"block-faa2699f5d17dc15\" class=\"block block-flip-grid-1 block-flip-grid-1--image-right block-flip-grid-1--bg-colour1\">\n    <div class=\"block-flip-grid-1--grid\">\n                    <div class=\"block-flip-grid-1--column block-flip-grid-1--image align-items-center\" data-aos=\"fade-in\" data-aos-delay=\"0\">\n                <noscript><img decoding=\"async\" width=\"1726\" height=\"2074\" src=\"https:\/\/newmarketgroup.com\/wp-content\/uploads\/2024\/06\/Frame-116.jpg\" class alt srcset=\"https:\/\/newmarketgroup.com\/wp-content\/uploads\/2024\/06\/Frame-116.jpg 1726w, https:\/\/newmarketgroup.com\/wp-content\/uploads\/2024\/06\/Frame-116-250x300.jpg 250w, https:\/\/newmarketgroup.com\/wp-content\/uploads\/2024\/06\/Frame-116-852x1024.jpg 852w, https:\/\/newmarketgroup.com\/wp-content\/uploads\/2024\/06\/Frame-116-768x923.jpg 768w, https:\/\/newmarketgroup.com\/wp-content\/uploads\/2024\/06\/Frame-116-1278x1536.jpg 1278w, https:\/\/newmarketgroup.com\/wp-content\/uploads\/2024\/06\/Frame-116-1704x2048.jpg 1704w\" sizes=\"(max-width: 1726px) 100vw, 1726px\"><\/noscript><img decoding=\"async\" width=\"1726\" height=\"2074\" src=\"data:image\/svg+xml,%3Csvg%20xmlns%3D%22http%3A%2F%2Fwww.w3.org%2F2000%2Fsvg%22%20viewBox%3D%220%200%201726%202074%22%3E%3C%2Fsvg%3E\" class=\" lazyload\" alt srcset=\"data:image\/svg+xml,%3Csvg%20xmlns%3D%22http%3A%2F%2Fwww.w3.org%2F2000%2Fsvg%22%20viewBox%3D%220%200%201726%202074%22%3E%3C%2Fsvg%3E 1726w\" sizes=\"(max-width: 1726px) 100vw, 1726px\" data-srcset=\"https:\/\/newmarketgroup.com\/wp-content\/uploads\/2024\/06\/Frame-116.jpg 1726w, https:\/\/newmarketgroup.com\/wp-content\/uploads\/2024\/06\/Frame-116-250x300.jpg 250w, https:\/\/newmarketgroup.com\/wp-content\/uploads\/2024\/06\/Frame-116-852x1024.jpg 852w, https:\/\/newmarketgroup.com\/wp-content\/uploads\/2024\/06\/Frame-116-768x923.jpg 768w, https:\/\/newmarketgroup.com\/wp-content\/uploads\/2024\/06\/Frame-116-1278x1536.jpg 1278w, https:\/\/newmarketgroup.com\/wp-content\/uploads\/2024\/06\/Frame-116-1704x2048.jpg 1704w\" data-src=\"https:\/\/newmarketgroup.com\/wp-content\/uploads\/2024\/06\/Frame-116.jpg\">            <\/div>\n        \n                    <div class=\"block-flip-grid-1--column block-flip-grid-1--content align-items-center\" data-aos=\"fade-down\" data-aos-delay=\"300\">\n                <div class=\"container\">\n                    <div class=\"block-content--inner\">\n                        <div class=\"block-content\">\n                            <div class=\"entry-content\">\n                                <h2>Qui nous sommes<\/h2>\n<p>New Market Group (NMG), bas\u00e9 \u00e0 Newmarket (Ontario), fait partie du premier portefeuille de groupes de marketing en Am\u00e9rique du Nord. Compos\u00e9e de groupes de marketing dans les secteurs de la restauration, de l\u2019approvisionnement industriel, de l\u2019\u00e9clairage, de la d\u00e9coration int\u00e9rieure et de l\u2019\u00e9quipement de construction, NMG dispose de:<\/p>\n<ul>\n<li><strong>Plus de 750 partenaires fournisseurs<\/strong><\/li>\n<li><strong>Plus de 1050 concessionnaires, distributeurs et membres de salles d\u2019exposition<\/strong><\/li>\n<li><strong>Plus de 45 ans d\u2019expertise dans l\u2019industrie<\/strong><\/li>\n<\/ul>\n<p>Depuis 1978, NMG entretient des relations \u00e9troites avec les principaux acteurs de l&rsquo;industrie. Notre \u00e9quipe de gestion de longue date fournit des ressources et des conseils dans le seul but d&rsquo;accro\u00eetre la rentabilit\u00e9 des membres et d&rsquo;augmenter les volumes de ventes des partenaires fournisseurs.<\/p>\n<p>NMG conna\u00eet bien le march\u00e9 mondial et son impact sur les industries dans lesquelles elle exerce ses activit\u00e9s. En outre, NMG g\u00e8re une division d&rsquo;information sur les march\u00e9s et offre des services de marketing adapt\u00e9s \u00e0 votre secteur d&rsquo;activit\u00e9 sp\u00e9cifique, donnant \u00e0 votre entreprise les outils n\u00e9cessaires pour rester comp\u00e9titive.<\/p>\n<p>&nbsp;<\/p>\n<h2>Pourquoi travailler avec nous?<\/h2>\n<p>NMG a \u00e9t\u00e9 cr\u00e9\u00e9 pour nouer des relations dans des secteurs sp\u00e9cifiques afin d&rsquo;am\u00e9liorer les r\u00e9sultats de nos partenaires. Ces valeurs sont ancr\u00e9es dans notre vie quotidienne.<\/p>\n                            <\/div>\n\n                                                    <\/div>\n                    <\/div>\n                <\/div>\n            <\/div>\n            <\/div>\n\n    <style>\n        #block-faa2699f5d17dc15 {\n                                }\n    <\/style>\n<\/section>\n\n\n<section id=\"block-769fd8c194924be1\" class=\"block block-flip-grid-1 block-flip-grid-1--image-left block-flip-grid-1--bg-colour2\">\n    <div class=\"block-flip-grid-1--grid\">\n                    <div class=\"block-flip-grid-1--column block-flip-grid-1--image align-items-center\" data-aos=\"fade-in\" data-aos-delay=\"0\">\n                <noscript><img decoding=\"async\" width=\"1726\" height=\"2084\" src=\"https:\/\/newmarketgroup.com\/wp-content\/uploads\/2024\/06\/Frame-1161.jpg\" class alt srcset=\"https:\/\/newmarketgroup.com\/wp-content\/uploads\/2024\/06\/Frame-1161.jpg 1726w, https:\/\/newmarketgroup.com\/wp-content\/uploads\/2024\/06\/Frame-1161-248x300.jpg 248w, https:\/\/newmarketgroup.com\/wp-content\/uploads\/2024\/06\/Frame-1161-848x1024.jpg 848w, https:\/\/newmarketgroup.com\/wp-content\/uploads\/2024\/06\/Frame-1161-768x927.jpg 768w, https:\/\/newmarketgroup.com\/wp-content\/uploads\/2024\/06\/Frame-1161-1272x1536.jpg 1272w, https:\/\/newmarketgroup.com\/wp-content\/uploads\/2024\/06\/Frame-1161-1696x2048.jpg 1696w\" sizes=\"(max-width: 1726px) 100vw, 1726px\"><\/noscript><img decoding=\"async\" width=\"1726\" height=\"2084\" src=\"data:image\/svg+xml,%3Csvg%20xmlns%3D%22http%3A%2F%2Fwww.w3.org%2F2000%2Fsvg%22%20viewBox%3D%220%200%201726%202084%22%3E%3C%2Fsvg%3E\" class=\" lazyload\" alt srcset=\"data:image\/svg+xml,%3Csvg%20xmlns%3D%22http%3A%2F%2Fwww.w3.org%2F2000%2Fsvg%22%20viewBox%3D%220%200%201726%202084%22%3E%3C%2Fsvg%3E 1726w\" sizes=\"(max-width: 1726px) 100vw, 1726px\" data-srcset=\"https:\/\/newmarketgroup.com\/wp-content\/uploads\/2024\/06\/Frame-1161.jpg 1726w, https:\/\/newmarketgroup.com\/wp-content\/uploads\/2024\/06\/Frame-1161-248x300.jpg 248w, https:\/\/newmarketgroup.com\/wp-content\/uploads\/2024\/06\/Frame-1161-848x1024.jpg 848w, https:\/\/newmarketgroup.com\/wp-content\/uploads\/2024\/06\/Frame-1161-768x927.jpg 768w, https:\/\/newmarketgroup.com\/wp-content\/uploads\/2024\/06\/Frame-1161-1272x1536.jpg 1272w, https:\/\/newmarketgroup.com\/wp-content\/uploads\/2024\/06\/Frame-1161-1696x2048.jpg 1696w\" data-src=\"https:\/\/newmarketgroup.com\/wp-content\/uploads\/2024\/06\/Frame-1161.jpg\">            <\/div>\n        \n                    <div class=\"block-flip-grid-1--column block-flip-grid-1--content align-items-center\" data-aos=\"fade-down\" data-aos-delay=\"300\">\n                <div class=\"container\">\n                    <div class=\"block-content--inner\">\n                        <div class=\"block-content\">\n                            <div class=\"entry-content\">\n                                <h3>PARTENARIATS<\/h3>\n<p>Diriger les activit\u00e9s de mani\u00e8re \u00e9quitable et dans le respect mutuel de toutes les parties prenantes, tout en pr\u00e9servant leur ind\u00e9pendance, en augmentant le volume pour les fournisseurs et la rentabilit\u00e9 pour les membres.<\/p>\n<p>&nbsp;<\/p>\n<h3>LIENS<\/h3>\n<p>Les soci\u00e9t\u00e9s NMG sont le moyen de cr\u00e9er et de g\u00e9rer les liens importants entre les parties prenantes.<\/p>\n<p>&nbsp;<\/p>\n<h3>PERSONNES<\/h3>\n<p>Favoriser un environnement qui permette aux membres de l&rsquo;\u00e9quipe de s&rsquo;\u00e9panouir et de r\u00e9aliser leur plein potentiel en les soutenant et en s&rsquo;engageant \u00e0 faciliter la croissance et les opportunit\u00e9s.<\/p>\n<p>&nbsp;<\/p>\n<h3>STABILIT\u00c9<\/h3>\n<p>Stabilit\u00e9 face \u00e0 l&rsquo;\u00e9volution des march\u00e9s et \u00e0 la diversit\u00e9 des secteurs d&rsquo;activit\u00e9.<\/p>\n<p>&nbsp;<\/p>\n<h3>ADAPTABILIT\u00c9<\/h3>\n<p>L&rsquo;\u00e9volution continue des conditions du march\u00e9, en veillant \u00e0 ce que les partenaires ressentent un lien significatif et de la valeur pour leur entreprise. Cet engagement offre la possibilit\u00e9 d&rsquo;une croissance continue.<\/p>\n                            <\/div>\n\n                                                    <\/div>\n                    <\/div>\n                <\/div>\n            <\/div>\n            <\/div>\n\n    <style>\n        #block-769fd8c194924be1 {\n                                }\n    <\/style>\n<\/section>\n\n\n<section id=\"block-36a0ba273d82d8e1\" class=\"block block-content-area\">\n    <div class=\"container block-content-area--content\">\n                    <h2 class=\"block-content-area--heading\">Nos valeurs<\/h2>\n        \n        <div class=\"entry-content\">\n            <p>Chez NMG, nous nous engageons \u00e0 mener nos activit\u00e9s avec une int\u00e9grit\u00e9, une \u00e9quit\u00e9 et un respect mutuel in\u00e9branlables. Nous sommes d\u00e9termin\u00e9s \u00e0 entretenir des liens significatifs avec nos membres, nos fournisseurs et nos coll\u00e8gues, ce qui nous permet de forger des partenariats fructueux et enrichissants pour tous.<\/p>\n<p>Chacune de nos entreprises est une entit\u00e9 dynamique, qui s&rsquo;adapte constamment pour saisir les opportunit\u00e9s que pr\u00e9sente l&rsquo;\u00e9volution du march\u00e9. Notre volont\u00e9 d&rsquo;accepter le changement et d&rsquo;exploiter le potentiel se traduit par une croissance et une r\u00e9ussite \u00e0 long terme.<\/p>\n<p>Notre philosophie consiste \u00e0 favoriser la croissance et les opportunit\u00e9s pour tous. Notre culture est favoris\u00e9e par un environnement qui permet \u00e0 nos collaborateurs de s&rsquo;\u00e9panouir et de r\u00e9aliser leur plein potentiel.<\/p>\n<p>Chez NMG, notre personnel est notre boussole qui fa\u00e7onne activement nos entreprises avec un engagement absolu en faveur de l&rsquo;excellence et d&rsquo;une conduite \u00e9thique.<\/p>\n        <\/div>\n\n                    <a href=\"https:\/\/newmarketgroup.com\/fr\/la-vie-a-nmg\/\" title=\"Rejoindre notre \u00e9quipe\" target=\"\" class=\"block-content-area--btn btn btn--icon-arrow\">\n                Rejoindre notre \u00e9quipe            <\/a>\n            <\/div>\n\n    <style>\n        #block-36a0ba273d82d8e1 {\n                                }\n    <\/style>\n<\/section>\n\n\n\n\n<section id=\"block-b5c45508c48ae69f\" class=\"block block-full-width-image bg-color2\">\n    <div class=\"block-full-width-image--wrapper\">\n                    <h2 class=\"block-full-width-image--heading\">NMG est en constante \u00e9volution pour rester en phase avec ses partenaires et les secteurs en mutation rapide dans lesquels elle op\u00e8re.<\/h2>\n        \n        <noscript><img decoding=\"async\" width=\"6144\" height=\"1167\" src=\"https:\/\/newmarketgroup.com\/wp-content\/uploads\/2024\/09\/nmg-timeline-FR-1.png\" class=\"block-full-width-image--desktop-image has-mobile-img\" alt srcset=\"https:\/\/newmarketgroup.com\/wp-content\/uploads\/2024\/09\/nmg-timeline-FR-1.png 6144w, https:\/\/newmarketgroup.com\/wp-content\/uploads\/2024\/09\/nmg-timeline-FR-1-300x57.png 300w, https:\/\/newmarketgroup.com\/wp-content\/uploads\/2024\/09\/nmg-timeline-FR-1-1024x195.png 1024w, https:\/\/newmarketgroup.com\/wp-content\/uploads\/2024\/09\/nmg-timeline-FR-1-768x146.png 768w, https:\/\/newmarketgroup.com\/wp-content\/uploads\/2024\/09\/nmg-timeline-FR-1-1536x292.png 1536w, https:\/\/newmarketgroup.com\/wp-content\/uploads\/2024\/09\/nmg-timeline-FR-1-2048x389.png 2048w\" sizes=\"(max-width: 6144px) 100vw, 6144px\"><\/noscript><img decoding=\"async\" width=\"6144\" height=\"1167\" src=\"data:image\/svg+xml,%3Csvg%20xmlns%3D%22http%3A%2F%2Fwww.w3.org%2F2000%2Fsvg%22%20viewBox%3D%220%200%206144%201167%22%3E%3C%2Fsvg%3E\" class=\"block-full-width-image--desktop-image has-mobile-img lazyload\" alt srcset=\"data:image\/svg+xml,%3Csvg%20xmlns%3D%22http%3A%2F%2Fwww.w3.org%2F2000%2Fsvg%22%20viewBox%3D%220%200%206144%201167%22%3E%3C%2Fsvg%3E 6144w\" sizes=\"(max-width: 6144px) 100vw, 6144px\" data-srcset=\"https:\/\/newmarketgroup.com\/wp-content\/uploads\/2024\/09\/nmg-timeline-FR-1.png 6144w, https:\/\/newmarketgroup.com\/wp-content\/uploads\/2024\/09\/nmg-timeline-FR-1-300x57.png 300w, https:\/\/newmarketgroup.com\/wp-content\/uploads\/2024\/09\/nmg-timeline-FR-1-1024x195.png 1024w, https:\/\/newmarketgroup.com\/wp-content\/uploads\/2024\/09\/nmg-timeline-FR-1-768x146.png 768w, https:\/\/newmarketgroup.com\/wp-content\/uploads\/2024\/09\/nmg-timeline-FR-1-1536x292.png 1536w, https:\/\/newmarketgroup.com\/wp-content\/uploads\/2024\/09\/nmg-timeline-FR-1-2048x389.png 2048w\" data-src=\"https:\/\/newmarketgroup.com\/wp-content\/uploads\/2024\/09\/nmg-timeline-FR-1.png\">\n        <noscript><img decoding=\"async\" width=\"451\" height=\"840\" src=\"https:\/\/newmarketgroup.com\/wp-content\/uploads\/2024\/09\/nmg-timeline-mobile-FR-1.png\" class=\"block-full-width--image-mobile-image\" alt srcset=\"https:\/\/newmarketgroup.com\/wp-content\/uploads\/2024\/09\/nmg-timeline-mobile-FR-1.png 451w, https:\/\/newmarketgroup.com\/wp-content\/uploads\/2024\/09\/nmg-timeline-mobile-FR-1-161x300.png 161w\" sizes=\"(max-width: 451px) 100vw, 451px\"><\/noscript><img decoding=\"async\" width=\"451\" height=\"840\" src=\"data:image\/svg+xml,%3Csvg%20xmlns%3D%22http%3A%2F%2Fwww.w3.org%2F2000%2Fsvg%22%20viewBox%3D%220%200%20451%20840%22%3E%3C%2Fsvg%3E\" class=\"block-full-width--image-mobile-image lazyload\" alt srcset=\"data:image\/svg+xml,%3Csvg%20xmlns%3D%22http%3A%2F%2Fwww.w3.org%2F2000%2Fsvg%22%20viewBox%3D%220%200%20451%20840%22%3E%3C%2Fsvg%3E 451w\" sizes=\"(max-width: 451px) 100vw, 451px\" data-srcset=\"https:\/\/newmarketgroup.com\/wp-content\/uploads\/2024\/09\/nmg-timeline-mobile-FR-1.png 451w, https:\/\/newmarketgroup.com\/wp-content\/uploads\/2024\/09\/nmg-timeline-mobile-FR-1-161x300.png 161w\" data-src=\"https:\/\/newmarketgroup.com\/wp-content\/uploads\/2024\/09\/nmg-timeline-mobile-FR-1.png\">    <\/div>\n\n    <style>\n        #block-b5c45508c48ae69f {\n                        padding-bottom: 10px;        }\n    <\/style>\n<\/section>\n","protected":false},"excerpt":{"rendered":"","protected":false},"author":3,"featured_media":0,"parent":0,"menu_order":0,"comment_status":"closed","ping_status":"closed","template":"","meta":{"_acf_changed":true,"footnotes":""},"class_list":["post-1325","page","type-page","status-publish","hentry"],"acf":[],"yoast_head":"<!-- This site is optimized with the Yoast SEO plugin v27.4 - https:\/\/yoast.com\/product\/yoast-seo-wordpress\/ -->\n<title>\u00c0 propos de nous - New Market Group<\/title>\n<meta name=\"robots\" content=\"index, follow, max-snippet:-1, max-image-preview:large, max-video-preview:-1\" \/>\n<link rel=\"canonical\" href=\"https:\/\/newmarketgroup.com\/fr\/a-propos-de-nous\/\" \/>\n<meta property=\"og:locale\" content=\"fr_FR\" \/>\n<meta property=\"og:type\" content=\"article\" \/>\n<meta property=\"og:title\" content=\"\u00c0 propos de nous - New Market Group\" \/>\n<meta property=\"og:url\" content=\"https:\/\/newmarketgroup.com\/fr\/a-propos-de-nous\/\" \/>\n<meta property=\"og:site_name\" content=\"New Market Group\" \/>\n<meta property=\"article:modified_time\" content=\"2024-10-29T14:37:47+00:00\" \/>\n<meta name=\"twitter:card\" content=\"summary_large_image\" \/>\n<script type=\"application\/ld+json\" class=\"yoast-schema-graph\">{\"@context\":\"https:\\\/\\\/schema.org\",\"@graph\":[{\"@type\":\"WebPage\",\"@id\":\"https:\\\/\\\/newmarketgroup.com\\\/fr\\\/a-propos-de-nous\\\/\",\"url\":\"https:\\\/\\\/newmarketgroup.com\\\/fr\\\/a-propos-de-nous\\\/\",\"name\":\"\u00c0 propos de nous - New Market Group\",\"isPartOf\":{\"@id\":\"https:\\\/\\\/newmarketgroup.com\\\/fr\\\/#website\"},\"datePublished\":\"2023-11-28T08:48:40+00:00\",\"dateModified\":\"2024-10-29T14:37:47+00:00\",\"breadcrumb\":{\"@id\":\"https:\\\/\\\/newmarketgroup.com\\\/fr\\\/a-propos-de-nous\\\/#breadcrumb\"},\"inLanguage\":\"fr-FR\",\"potentialAction\":[{\"@type\":\"ReadAction\",\"target\":[\"https:\\\/\\\/newmarketgroup.com\\\/fr\\\/a-propos-de-nous\\\/\"]}]},{\"@type\":\"BreadcrumbList\",\"@id\":\"https:\\\/\\\/newmarketgroup.com\\\/fr\\\/a-propos-de-nous\\\/#breadcrumb\",\"itemListElement\":[{\"@type\":\"ListItem\",\"position\":1,\"name\":\"Home\",\"item\":\"https:\\\/\\\/newmarketgroup.com\\\/fr\\\/\"},{\"@type\":\"ListItem\",\"position\":2,\"name\":\"\u00c0 propos de nous\"}]},{\"@type\":\"WebSite\",\"@id\":\"https:\\\/\\\/newmarketgroup.com\\\/fr\\\/#website\",\"url\":\"https:\\\/\\\/newmarketgroup.com\\\/fr\\\/\",\"name\":\"New Market Group\",\"description\":\"\",\"potentialAction\":[{\"@type\":\"SearchAction\",\"target\":{\"@type\":\"EntryPoint\",\"urlTemplate\":\"https:\\\/\\\/newmarketgroup.com\\\/fr\\\/?s={search_term_string}\"},\"query-input\":{\"@type\":\"PropertyValueSpecification\",\"valueRequired\":true,\"valueName\":\"search_term_string\"}}],\"inLanguage\":\"fr-FR\"}]}<\/script>\n<!-- \/ Yoast SEO plugin. -->","yoast_head_json":{"title":"\u00c0 propos de nous - New Market Group","robots":{"index":"index","follow":"follow","max-snippet":"max-snippet:-1","max-image-preview":"max-image-preview:large","max-video-preview":"max-video-preview:-1"},"canonical":"https:\/\/newmarketgroup.com\/fr\/a-propos-de-nous\/","og_locale":"fr_FR","og_type":"article","og_title":"\u00c0 propos de nous - New Market Group","og_url":"https:\/\/newmarketgroup.com\/fr\/a-propos-de-nous\/","og_site_name":"New Market Group","article_modified_time":"2024-10-29T14:37:47+00:00","twitter_card":"summary_large_image","schema":{"@context":"https:\/\/schema.org","@graph":[{"@type":"WebPage","@id":"https:\/\/newmarketgroup.com\/fr\/a-propos-de-nous\/","url":"https:\/\/newmarketgroup.com\/fr\/a-propos-de-nous\/","name":"\u00c0 propos de nous - New Market Group","isPartOf":{"@id":"https:\/\/newmarketgroup.com\/fr\/#website"},"datePublished":"2023-11-28T08:48:40+00:00","dateModified":"2024-10-29T14:37:47+00:00","breadcrumb":{"@id":"https:\/\/newmarketgroup.com\/fr\/a-propos-de-nous\/#breadcrumb"},"inLanguage":"fr-FR","potentialAction":[{"@type":"ReadAction","target":["https:\/\/newmarketgroup.com\/fr\/a-propos-de-nous\/"]}]},{"@type":"BreadcrumbList","@id":"https:\/\/newmarketgroup.com\/fr\/a-propos-de-nous\/#breadcrumb","itemListElement":[{"@type":"ListItem","position":1,"name":"Home","item":"https:\/\/newmarketgroup.com\/fr\/"},{"@type":"ListItem","position":2,"name":"\u00c0 propos de nous"}]},{"@type":"WebSite","@id":"https:\/\/newmarketgroup.com\/fr\/#website","url":"https:\/\/newmarketgroup.com\/fr\/","name":"New Market Group","description":"","potentialAction":[{"@type":"SearchAction","target":{"@type":"EntryPoint","urlTemplate":"https:\/\/newmarketgroup.com\/fr\/?s={search_term_string}"},"query-input":{"@type":"PropertyValueSpecification","valueRequired":true,"valueName":"search_term_string"}}],"inLanguage":"fr-FR"}]}},"_links":{"self":[{"href":"https:\/\/newmarketgroup.com\/fr\/wp-json\/wp\/v2\/pages\/1325","targetHints":{"allow":["GET"]}}],"collection":[{"href":"https:\/\/newmarketgroup.com\/fr\/wp-json\/wp\/v2\/pages"}],"about":[{"href":"https:\/\/newmarketgroup.com\/fr\/wp-json\/wp\/v2\/types\/page"}],"author":[{"embeddable":true,"href":"https:\/\/newmarketgroup.com\/fr\/wp-json\/wp\/v2\/users\/3"}],"replies":[{"embeddable":true,"href":"https:\/\/newmarketgroup.com\/fr\/wp-json\/wp\/v2\/comments?post=1325"}],"version-history":[{"count":0,"href":"https:\/\/newmarketgroup.com\/fr\/wp-json\/wp\/v2\/pages\/1325\/revisions"}],"wp:attachment":[{"href":"https:\/\/newmarketgroup.com\/fr\/wp-json\/wp\/v2\/media?parent=1325"}],"curies":[{"name":"wp","href":"https:\/\/api.w.org\/{rel}","templated":true}]}}