{"id":1324,"date":"2023-11-28T03:48:24","date_gmt":"2023-11-28T08:48:24","guid":{"rendered":"https:\/\/newmarketgroup.com\/?page_id=1324"},"modified":"2024-10-29T10:22:35","modified_gmt":"2024-10-29T14:22:35","slug":"accueil","status":"publish","type":"page","link":"https:\/\/newmarketgroup.com\/fr\/","title":{"rendered":"Accueil"},"content":{"rendered":"<section id=\"block-820548197341a2e1\" class=\"block block-hero-1\" >\n            <video class=\"block-hero-1--video-background\" autoplay loop muted playsinline>\n            <source src=\"https:\/\/newmarketgroup.com\/wp-content\/uploads\/2024\/05\/86f1-40f6-a861-101d4f98abc7.mp4\" type=\"video\/mp4\">\n        <\/video>\n        <div class=\"container block-hero-1--container theme-light\">\n        <div class=\"block-hero-1--body\">\n                            <div class=\"block-hero-1--title text-size-h4\">Un groupe de portefeuille de premier plan en Am\u00e9rique du Nord<\/div>\n            \n            <h1 class=\"block-hero-1--heading\">Leadership. Croissance. Opportunit\u00e9.<\/h1>\n\n                            <div class=\"block-hero-1--intro\"><div id=\"block-b5c45508c48ae69f\" class=\"block block-text default-block-spacing entry-content text-size-base text-color-default \">\n<p>Le NMG (New Market Group) est compos\u00e9 de groupes de marketing dans les secteurs de la restauration, de l&rsquo;industrie et de l&rsquo;\u00e9clairage. En reliant des centaines de fournisseurs, de concessionnaires, de distributeurs et de salles d&rsquo;exposition, ils apportent force et stabilit\u00e9. Outre les groupes de marketing, le portefeuille de NMG comprend \u00e9galement des donn\u00e9es et des analyses de march\u00e9 pour l&rsquo;industrie de la restauration.<\/p>\n<\/div>\n<\/div>\n                    <\/div>\n    <\/div>\n\n    <style>\n        #block-820548197341a2e1 {\n                                }\n    <\/style>\n<\/section>\n\n\n<section id=\"block-faa2699f5d17dc15\" class=\"block block-icon-cards-1\">\n    <div class=\"container block-icon-cards-1--container\">\n                    <h2 class=\"block-icon-cards-1--heading\">\n                Depuis 1978, NMG associe sa connaissance du march\u00e9 \u00e0 son expertise sectorielle \u00e9tablie, offrant ainsi un potentiel de croissance aux parties prenantes.            <\/h2>\n                <div class=\"block-icon-cards-1--cards\">\n                            <figure class=\"block-icon-cards-1--card\" data-aos=\"zoom-in\" data-aos-delay=\"0\">\n                                            <div class=\"block-icon-cards-1--card-image-holder\">\n                            <noscript><img decoding=\"async\" width=\"53\" height=\"55\" src=\"https:\/\/newmarketgroup.com\/wp-content\/uploads\/2024\/06\/a.svg\" class=\"block-icon-cards-1--card-image\" alt><\/noscript><img decoding=\"async\" width=\"53\" height=\"55\" src=\"data:image\/svg+xml,%3Csvg%20xmlns%3D%22http%3A%2F%2Fwww.w3.org%2F2000%2Fsvg%22%20viewBox%3D%220%200%2053%2055%22%3E%3C%2Fsvg%3E\" class=\"block-icon-cards-1--card-image lazyload\" alt data-src=\"https:\/\/newmarketgroup.com\/wp-content\/uploads\/2024\/06\/a.svg\">                        <\/div>\n                    \n                    <figcaption class=\"block-icon-cards-1--card-content\">\n                        <h3 class=\"block-icon-cards-1--card-title\">1978<\/h3>\n                                                    <p class=\"block-icon-cards-1--card-description\">Cr\u00e9ation du premier groupe <\/p>\n                                            <\/figcaption>\n                <\/figure>\n                            <figure class=\"block-icon-cards-1--card\" data-aos=\"zoom-in\" data-aos-delay=\"300\">\n                                            <div class=\"block-icon-cards-1--card-image-holder\">\n                            <noscript><img decoding=\"async\" width=\"59\" height=\"57\" src=\"https:\/\/newmarketgroup.com\/wp-content\/uploads\/2024\/06\/a1.svg\" class=\"block-icon-cards-1--card-image\" alt><\/noscript><img decoding=\"async\" width=\"59\" height=\"57\" src=\"data:image\/svg+xml,%3Csvg%20xmlns%3D%22http%3A%2F%2Fwww.w3.org%2F2000%2Fsvg%22%20viewBox%3D%220%200%2059%2057%22%3E%3C%2Fsvg%3E\" class=\"block-icon-cards-1--card-image lazyload\" alt data-src=\"https:\/\/newmarketgroup.com\/wp-content\/uploads\/2024\/06\/a1.svg\">                        <\/div>\n                    \n                    <figcaption class=\"block-icon-cards-1--card-content\">\n                        <h3 class=\"block-icon-cards-1--card-title\">Plus de 1050<\/h3>\n                                                    <p class=\"block-icon-cards-1--card-description\">membres distributeurs, concessionnaires, d\u00e9taillants<\/p>\n                                            <\/figcaption>\n                <\/figure>\n                            <figure class=\"block-icon-cards-1--card\" data-aos=\"zoom-in\" data-aos-delay=\"600\">\n                                            <div class=\"block-icon-cards-1--card-image-holder\">\n                            <noscript><img decoding=\"async\" width=\"71\" height=\"47\" src=\"https:\/\/newmarketgroup.com\/wp-content\/uploads\/2024\/06\/b.svg\" class=\"block-icon-cards-1--card-image\" alt><\/noscript><img decoding=\"async\" width=\"71\" height=\"47\" src=\"data:image\/svg+xml,%3Csvg%20xmlns%3D%22http%3A%2F%2Fwww.w3.org%2F2000%2Fsvg%22%20viewBox%3D%220%200%2071%2047%22%3E%3C%2Fsvg%3E\" class=\"block-icon-cards-1--card-image lazyload\" alt data-src=\"https:\/\/newmarketgroup.com\/wp-content\/uploads\/2024\/06\/b.svg\">                        <\/div>\n                    \n                    <figcaption class=\"block-icon-cards-1--card-content\">\n                        <h3 class=\"block-icon-cards-1--card-title\">Plus de 750<\/h3>\n                                                    <p class=\"block-icon-cards-1--card-description\">partenaires fournisseurs<\/p>\n                                            <\/figcaption>\n                <\/figure>\n                    <\/div>\n    <\/div>\n\n    <style>\n        #block-faa2699f5d17dc15 {\n                                }\n    <\/style>\n<\/section>\n\n\n<section id=\"block-769fd8c194924be1\" class=\"block block-side-by-side-cards-1 block-side-by-side-cards-1--bg-colour4\">\n    <div class=\"block-side-by-side-cards-1--grid\">\n                    <div class=\"block-side-by-side-cards-1--column block-side-by-side-cards-1--content align-items-start block-side-by-side-cards-1--bg-colour4\">\n                <div class=\"container\">\n                    <div class=\"block-content--inner\">\n                        <div class=\"block-content\">\n                            <div class=\"block-header\">\n                                <h2 class=\"block-side-by-side-cards-1--card-heading\">Pourquoi nous choisir?<\/h2>\n                            <\/div>\n                            <div class=\"entry-content\">\n                                <p>D\u00e9couvrez pourquoi NMG est le partenaire de confiance des fournisseurs, des concessionnaires, des distributeurs et des salles d&rsquo;exposition lorsqu&rsquo;il s&rsquo;agit d&rsquo;am\u00e9liorer vos r\u00e9sultats.<\/p>\n                            <\/div>\n                                                            <div class=\"block-button block-button--button\">\n                                                                            <a href=\"https:\/\/newmarketgroup.com\/fr\/a-propos-de-nous\/\" target=\"\" class=\"btn btn--icon-arrow \">En savoir plus<\/a>\n                                                                    <\/div>\n                                                    <\/div>\n                    <\/div>\n                <\/div>\n            <\/div>\n                    <div class=\"block-side-by-side-cards-1--column block-side-by-side-cards-1--content align-items-start block-side-by-side-cards-1--bg-colour4\">\n                <div class=\"container\">\n                    <div class=\"block-content--inner\">\n                        <div class=\"block-content\">\n                            <div class=\"block-header\">\n                                <h2 class=\"block-side-by-side-cards-1--card-heading\">Soci\u00e9t\u00e9s NMG<\/h2>\n                            <\/div>\n                            <div class=\"entry-content\">\n                                <p>Le portefeuille de NMG se compose de groupes de marketing de premier plan qui travaillent dans leurs secteurs respectifs pour accro\u00eetre la part de march\u00e9 et le chiffre d\u2019affaires.<\/p>\n                            <\/div>\n                                                            <div class=\"block-button block-button--button\">\n                                                                            <a href=\"https:\/\/newmarketgroup.com\/fr\/enterprises\/\" target=\"\" class=\"btn btn--icon-arrow \">En savoir plus<\/a>\n                                                                    <\/div>\n                                                    <\/div>\n                    <\/div>\n                <\/div>\n            <\/div>\n            <\/div>\n\n    <style>\n        #block-769fd8c194924be1 {\n                                }\n    <\/style>\n<\/section>\n","protected":false},"excerpt":{"rendered":"","protected":false},"author":3,"featured_media":0,"parent":0,"menu_order":0,"comment_status":"closed","ping_status":"closed","template":"","meta":{"_acf_changed":true,"footnotes":""},"class_list":["post-1324","page","type-page","status-publish","hentry"],"acf":[],"yoast_head":"<!-- This site is optimized with the Yoast SEO plugin v27.3 - https:\/\/yoast.com\/product\/yoast-seo-wordpress\/ -->\n<title>Accueil - New Market Group<\/title>\n<meta name=\"robots\" content=\"index, follow, max-snippet:-1, max-image-preview:large, max-video-preview:-1\" \/>\n<link rel=\"canonical\" href=\"https:\/\/newmarketgroup.com\/fr\/\" \/>\n<meta property=\"og:locale\" content=\"fr_FR\" \/>\n<meta property=\"og:type\" content=\"article\" \/>\n<meta property=\"og:title\" content=\"Accueil - New Market Group\" \/>\n<meta property=\"og:url\" content=\"https:\/\/newmarketgroup.com\/fr\/\" \/>\n<meta property=\"og:site_name\" content=\"New Market Group\" \/>\n<meta property=\"article:modified_time\" content=\"2024-10-29T14:22:35+00:00\" \/>\n<meta name=\"twitter:card\" content=\"summary_large_image\" \/>\n<script type=\"application\/ld+json\" class=\"yoast-schema-graph\">{\"@context\":\"https:\\\/\\\/schema.org\",\"@graph\":[{\"@type\":\"WebPage\",\"@id\":\"https:\\\/\\\/newmarketgroup.com\\\/fr\\\/\",\"url\":\"https:\\\/\\\/newmarketgroup.com\\\/fr\\\/\",\"name\":\"Accueil - New Market Group\",\"isPartOf\":{\"@id\":\"https:\\\/\\\/newmarketgroup.com\\\/fr\\\/#website\"},\"datePublished\":\"2023-11-28T08:48:24+00:00\",\"dateModified\":\"2024-10-29T14:22:35+00:00\",\"breadcrumb\":{\"@id\":\"https:\\\/\\\/newmarketgroup.com\\\/fr\\\/#breadcrumb\"},\"inLanguage\":\"fr-FR\",\"potentialAction\":[{\"@type\":\"ReadAction\",\"target\":[\"https:\\\/\\\/newmarketgroup.com\\\/fr\\\/\"]}]},{\"@type\":\"BreadcrumbList\",\"@id\":\"https:\\\/\\\/newmarketgroup.com\\\/fr\\\/#breadcrumb\",\"itemListElement\":[{\"@type\":\"ListItem\",\"position\":1,\"name\":\"Home\",\"item\":\"https:\\\/\\\/newmarketgroup.com\\\/fr\\\/\"},{\"@type\":\"ListItem\",\"position\":2,\"name\":\"Accueil\"}]},{\"@type\":\"WebSite\",\"@id\":\"https:\\\/\\\/newmarketgroup.com\\\/fr\\\/#website\",\"url\":\"https:\\\/\\\/newmarketgroup.com\\\/fr\\\/\",\"name\":\"New Market Group\",\"description\":\"\",\"potentialAction\":[{\"@type\":\"SearchAction\",\"target\":{\"@type\":\"EntryPoint\",\"urlTemplate\":\"https:\\\/\\\/newmarketgroup.com\\\/fr\\\/?s={search_term_string}\"},\"query-input\":{\"@type\":\"PropertyValueSpecification\",\"valueRequired\":true,\"valueName\":\"search_term_string\"}}],\"inLanguage\":\"fr-FR\"}]}<\/script>\n<!-- \/ Yoast SEO plugin. -->","yoast_head_json":{"title":"Accueil - New Market Group","robots":{"index":"index","follow":"follow","max-snippet":"max-snippet:-1","max-image-preview":"max-image-preview:large","max-video-preview":"max-video-preview:-1"},"canonical":"https:\/\/newmarketgroup.com\/fr\/","og_locale":"fr_FR","og_type":"article","og_title":"Accueil - New Market Group","og_url":"https:\/\/newmarketgroup.com\/fr\/","og_site_name":"New Market Group","article_modified_time":"2024-10-29T14:22:35+00:00","twitter_card":"summary_large_image","schema":{"@context":"https:\/\/schema.org","@graph":[{"@type":"WebPage","@id":"https:\/\/newmarketgroup.com\/fr\/","url":"https:\/\/newmarketgroup.com\/fr\/","name":"Accueil - New Market Group","isPartOf":{"@id":"https:\/\/newmarketgroup.com\/fr\/#website"},"datePublished":"2023-11-28T08:48:24+00:00","dateModified":"2024-10-29T14:22:35+00:00","breadcrumb":{"@id":"https:\/\/newmarketgroup.com\/fr\/#breadcrumb"},"inLanguage":"fr-FR","potentialAction":[{"@type":"ReadAction","target":["https:\/\/newmarketgroup.com\/fr\/"]}]},{"@type":"BreadcrumbList","@id":"https:\/\/newmarketgroup.com\/fr\/#breadcrumb","itemListElement":[{"@type":"ListItem","position":1,"name":"Home","item":"https:\/\/newmarketgroup.com\/fr\/"},{"@type":"ListItem","position":2,"name":"Accueil"}]},{"@type":"WebSite","@id":"https:\/\/newmarketgroup.com\/fr\/#website","url":"https:\/\/newmarketgroup.com\/fr\/","name":"New Market Group","description":"","potentialAction":[{"@type":"SearchAction","target":{"@type":"EntryPoint","urlTemplate":"https:\/\/newmarketgroup.com\/fr\/?s={search_term_string}"},"query-input":{"@type":"PropertyValueSpecification","valueRequired":true,"valueName":"search_term_string"}}],"inLanguage":"fr-FR"}]}},"_links":{"self":[{"href":"https:\/\/newmarketgroup.com\/fr\/wp-json\/wp\/v2\/pages\/1324","targetHints":{"allow":["GET"]}}],"collection":[{"href":"https:\/\/newmarketgroup.com\/fr\/wp-json\/wp\/v2\/pages"}],"about":[{"href":"https:\/\/newmarketgroup.com\/fr\/wp-json\/wp\/v2\/types\/page"}],"author":[{"embeddable":true,"href":"https:\/\/newmarketgroup.com\/fr\/wp-json\/wp\/v2\/users\/3"}],"replies":[{"embeddable":true,"href":"https:\/\/newmarketgroup.com\/fr\/wp-json\/wp\/v2\/comments?post=1324"}],"version-history":[{"count":0,"href":"https:\/\/newmarketgroup.com\/fr\/wp-json\/wp\/v2\/pages\/1324\/revisions"}],"wp:attachment":[{"href":"https:\/\/newmarketgroup.com\/fr\/wp-json\/wp\/v2\/media?parent=1324"}],"curies":[{"name":"wp","href":"https:\/\/api.w.org\/{rel}","templated":true}]}}